{"id":554,"date":"2025-05-17T13:22:57","date_gmt":"2025-05-17T13:22:57","guid":{"rendered":"https:\/\/kagio.be\/?page_id=554"},"modified":"2025-09-02T20:53:31","modified_gmt":"2025-09-02T20:53:31","slug":"bienvenue","status":"publish","type":"page","link":"https:\/\/kagio.be\/fr\/","title":{"rendered":"Homepage"},"content":{"rendered":"\n<p>Karibu sur mon site,<\/p>\n\n\n\n<p>Bienvenue comme vous \u00eates dans un espace de bienveillance et de respect.<\/p>\n\n\n\n<p class=\"is-style-default\">Certifi\u00e9e par la <a href=\"https:\/\/fbkinesiologie.be\/trouver-une-kinesiologue\/char\/K\/\" data-type=\"link\" data-id=\"https:\/\/fbkinesiologie.be\/trouver-une-kinesiologue\/char\/K\/\">F\u00e9d\u00e9ration Belge de kin\u00e9siologie<\/a>, j&#8217;accompagne en s\u00e9ance les adultes, adolescents, enfants et b\u00e9b\u00e9s.<\/p>\n\n\n\n<p>Ressentez-vous des d\u00e9bordements d&#8217;\u00e9motions, stress(changements soudains ou progressifs les 12 derniers mois), anxi\u00e9t\u00e9, pression sociale, tensions physiques, troubles du sommeil, difficult\u00e9s de concentration dues au TDA\/H, d\u00e9couragement, blocages, douleurs chroniques, phobies, burn- \/ bore-out, d\u00e9s\u00e9quilibres vie professionnelle\/personnelle?<\/p>\n\n\n\n<p><a href=\"https:\/\/kagio.be\/fr\/la-kinesio-cest-quoi\/\" data-type=\"page\" data-id=\"173\">La kin\u00e9siologie permet la gestion de stress par le mouvement<\/a>. Elle s&#8217;adresse \u00e0 ceux qui vivent des stress qui les d\u00e9s\u00e9quilibrent. Elle permet d&#8217;identifier et lib\u00e9rer les blocages afin de retrouver confiance en soi et en ses capacit\u00e9s.<\/p>\n\n\n\n<p class=\"is-style-default\">Ma mission est de vous faire d\u00e9couvrir des techniques pratiques, accessibles et int\u00e9grables dans votre quotidien pour que vous puissiez:<\/p>\n\n\n\n<ul class=\"wp-block-list\">\n<li>Agir d\u00e8s que le stress survient (routine expresse).<\/li>\n\n\n\n<li>Pr\u00e9venir les d\u00e9s\u00e9quilibres via des gestes d&#8217;auto-r\u00e9gulation. <\/li>\n\n\n\n<li>Devenir autonome dans la gestion de vos \u00e9motions et votre vitalit\u00e9.<\/li>\n<\/ul>\n\n\n\n<p class=\"is-style-default\">Changements, stress, d\u00e9fis, nous y sommes tous confront\u00e9s<strong>, apprendre \u00e0 s\u2019auto-g\u00e9rer \u00e0 tout moment est une comp\u00e9tence et un cadeau pour la vie<\/strong>.<\/p>\n\n\n\n<blockquote class=\"wp-block-quote is-style-plain has-border-color has-accent-6-border-color is-layout-flow wp-block-quote-is-layout-flow is-style-plain--1\" style=\"border-width:3px\">\n<p class=\"has-text-align-center is-style-default has-accent-3-color has-accent-2-background-color has-text-color has-background has-link-color has-large-font-size wp-elements-e353ef3b3da82a8c776b05ad0e07777c\" style=\"border-radius:7px;margin-top:var(--wp--preset--spacing--40);margin-bottom:0;padding-top:var(--wp--preset--spacing--20);padding-right:var(--wp--preset--spacing--20);padding-bottom:var(--wp--preset--spacing--20);padding-left:var(--wp--preset--spacing--20)\">Nous ne choisissons pas ce qui nous arrive, mais nous pouvons choisir notre fa\u00e7on d&#8217;y r\u00e9agir &#8211; <em>Paulo Coelho<\/em><\/p>\n<\/blockquote>\n\n\n\n<p><\/p>\n","protected":false},"excerpt":{"rendered":"<p>Karibu sur mon site, Bienvenue comme vous \u00eates dans un espace de bienveillance et de respect. Certifi\u00e9e par la F\u00e9d\u00e9ration Belge de kin\u00e9siologie, j&#8217;accompagne en s\u00e9ance les adultes, adolescents, enfants et b\u00e9b\u00e9s. Ressentez-vous des d\u00e9bordements d&#8217;\u00e9motions, stress(changements soudains ou progressifs les 12 derniers mois), anxi\u00e9t\u00e9, pression sociale, tensions physiques, troubles du sommeil, difficult\u00e9s de concentration [&hellip;]<\/p>\n","protected":false},"author":3,"featured_media":305,"parent":0,"menu_order":0,"comment_status":"closed","ping_status":"closed","template":"page-no-title","meta":{"footnotes":""},"class_list":["post-554","page","type-page","status-publish","has-post-thumbnail","hentry"],"_links":{"self":[{"href":"https:\/\/kagio.be\/fr\/wp-json\/wp\/v2\/pages\/554","targetHints":{"allow":["GET"]}}],"collection":[{"href":"https:\/\/kagio.be\/fr\/wp-json\/wp\/v2\/pages"}],"about":[{"href":"https:\/\/kagio.be\/fr\/wp-json\/wp\/v2\/types\/page"}],"author":[{"embeddable":true,"href":"https:\/\/kagio.be\/fr\/wp-json\/wp\/v2\/users\/3"}],"replies":[{"embeddable":true,"href":"https:\/\/kagio.be\/fr\/wp-json\/wp\/v2\/comments?post=554"}],"version-history":[{"count":5,"href":"https:\/\/kagio.be\/fr\/wp-json\/wp\/v2\/pages\/554\/revisions"}],"predecessor-version":[{"id":708,"href":"https:\/\/kagio.be\/fr\/wp-json\/wp\/v2\/pages\/554\/revisions\/708"}],"wp:featuredmedia":[{"embeddable":true,"href":"https:\/\/kagio.be\/fr\/wp-json\/"}],"wp:attachment":[{"href":"https:\/\/kagio.be\/fr\/wp-json\/wp\/v2\/media?parent=554"}],"curies":[{"name":"wp","href":"https:\/\/api.w.org\/{rel}","templated":true}]}}