{"id":252,"date":"2025-03-19T21:14:11","date_gmt":"2025-03-19T21:14:11","guid":{"rendered":"https:\/\/kagio.be\/?page_id=252"},"modified":"2025-05-24T20:35:00","modified_gmt":"2025-05-24T20:35:00","slug":"comment-se-passe-une-seance","status":"publish","type":"page","link":"https:\/\/kagio.be\/fr\/comment-se-passe-une-seance\/","title":{"rendered":"Comment se passe une s\u00e9ance de kin\u00e9siologie?"},"content":{"rendered":"\n<figure class=\"wp-block-image aligncenter size-large is-resized\"><img loading=\"lazy\" decoding=\"async\" width=\"1024\" height=\"1024\" src=\"https:\/\/kagio.be\/fr\/wp-content\/uploads\/sites\/2\/2025\/05\/Deroulement-dune-seance-1-1024x1024.jpg\" alt=\"\" class=\"wp-image-638\" style=\"width:600px\" srcset=\"https:\/\/kagio.be\/fr\/wp-content\/uploads\/sites\/2\/2025\/05\/Deroulement-dune-seance-1-1024x1024.jpg 1024w, https:\/\/kagio.be\/fr\/wp-content\/uploads\/sites\/2\/2025\/05\/Deroulement-dune-seance-1-300x300.jpg 300w, https:\/\/kagio.be\/fr\/wp-content\/uploads\/sites\/2\/2025\/05\/Deroulement-dune-seance-1-150x150.jpg 150w, https:\/\/kagio.be\/fr\/wp-content\/uploads\/sites\/2\/2025\/05\/Deroulement-dune-seance-1-768x768.jpg 768w, https:\/\/kagio.be\/fr\/wp-content\/uploads\/sites\/2\/2025\/05\/Deroulement-dune-seance-1.jpg 1080w\" sizes=\"auto, (max-width: 1024px) 100vw, 1024px\" \/><\/figure>\n\n\n\n<h2 class=\"wp-block-heading\">1 Accueil et formulation de vos attentes de la s\u00e9ance<\/h2>\n\n\n\n<p>A travers d&#8217;une discussion conviviale et individuelle, nous d\u00e9finissons ensembles vos attentes de la s\u00e9ance. Notez que les enfants doivent \u00eatre accompagn\u00e9s d&#8217;un parent. L&#8217;accord du\/des parent(s) est n\u00e9cessaire.<\/p>\n\n\n\n<p>Vous \u00eates le\/la bienvenu(e) comme vous \u00eates et je vous accompagne en fran\u00e7ais, anglais ou n\u00e9erlandais. <\/p>\n\n\n\n<p>Je vous invite \u00e0 accueillir vos \u00e9motions, d&#8217;\u00eatre \u00e0 l\u2019\u00e9coute et dans le respect de votre propre rythme.<\/p>\n\n\n\n<h2 class=\"wp-block-heading\">2 Identification des blocages via <a href=\"https:\/\/kagio.be\/fr\/la-kinesio-cest-quoi\/#outils\" data-type=\"page\" data-id=\"30\">le test musculaire<\/a><\/h2>\n\n\n\n<p>Vous \u00eates habill\u00e9 et vous \u00eates totalement en charge de votre s\u00e9ance. Vous choisissez si vous souhaitez \u00eatre assis, debout ou sur table de kin\u00e9. Il est imp\u00e9ratif de m&#8217;informer si vous avez une condition m\u00e9dicale dont je dois tenir compte lors de la s\u00e9ance.<\/p>\n\n\n\n<p>Le test musculaire est <a href=\"https:\/\/kagio.be\/fr\/la-kinesio-cest-quoi\/#outils\" data-type=\"page\" data-id=\"30\">l&#8217;outil que la kin\u00e9siologue <\/a>va utiliser pour vous permettre d&#8217;observer et d&#8217;identifier les blocages suscit\u00e9s par le stress qui diminuent votre niveau d&#8217;\u00e9nergie. Cela va permettre \u00e9galement d&#8217;identifier la nature de ces blocages (\u00e9motionnels, physiques ou biochimiques).<\/p>\n\n\n\n<p>Je vous montre les techniques que j&#8217;utilise pour d\u00e9bloquer ces blocages.<\/p>\n\n\n\n<h2 class=\"wp-block-heading\">3 R\u00e9alisation des \u00e9quilibrages<\/h2>\n\n\n\n<p>Je vous montre toujours ce qui va \u00eatre fait et vous \u00eates toujours libres d&#8217;accepter ou non ce qui est propos\u00e9. Je suis l\u00e0 pour vous accompagner pas pour vous imposer les choses.<\/p>\n\n\n\n<p>La m\u00e9thode utilis\u00e9e va d\u00e9pendre de la probl\u00e9matique \u00e0 travailler.<\/p>\n\n\n\n<p>Vous \u00eates ainsi r\u00e9\u00e9quilibr\u00e9s, reconnect\u00e9s \u00e0 vous m\u00eame et repartez all\u00e9g\u00e9s et \u00e9quip\u00e9s de nouveaux outils pour la suite de vos projets.<\/p>\n\n\n\n<h2 class=\"wp-block-heading\">4 Bilan de la s\u00e9ance et explications de la bo\u00eete \u00e0 outils \u00e0 reprendre chez vous<\/h2>\n\n\n\n<p>J&#8217;apporte au besoin une explication en d\u00e9tails des choses \u00e0 refaire et donne le support \u00e0 utiliser (fiche, mouvement, astuces).<\/p>\n\n\n\n<p>Toute \u00e9motion est l\u00e0 pour une raison, accueillez l\u00e0 dans le respect de vous-m\u00eame.<\/p>\n\n\n\n<p>Vous emportez la boite \u00e0 outils (fiche, mouvement, astuces) avec vous pour vous soutenir en cas de situation de stress similaire.<\/p>\n","protected":false},"excerpt":{"rendered":"<p>1 Accueil et formulation de vos attentes de la s\u00e9ance A travers d&#8217;une discussion conviviale et individuelle, nous d\u00e9finissons ensembles vos attentes de la s\u00e9ance. Notez que les enfants doivent \u00eatre accompagn\u00e9s d&#8217;un parent. L&#8217;accord du\/des parent(s) est n\u00e9cessaire. Vous \u00eates le\/la bienvenu(e) comme vous \u00eates et je vous accompagne en fran\u00e7ais, anglais ou n\u00e9erlandais. [&hellip;]<\/p>\n","protected":false},"author":4,"featured_media":0,"parent":0,"menu_order":0,"comment_status":"closed","ping_status":"closed","template":"","meta":{"footnotes":""},"class_list":["post-252","page","type-page","status-publish","hentry"],"_links":{"self":[{"href":"https:\/\/kagio.be\/fr\/wp-json\/wp\/v2\/pages\/252","targetHints":{"allow":["GET"]}}],"collection":[{"href":"https:\/\/kagio.be\/fr\/wp-json\/wp\/v2\/pages"}],"about":[{"href":"https:\/\/kagio.be\/fr\/wp-json\/wp\/v2\/types\/page"}],"author":[{"embeddable":true,"href":"https:\/\/kagio.be\/fr\/wp-json\/wp\/v2\/users\/4"}],"replies":[{"embeddable":true,"href":"https:\/\/kagio.be\/fr\/wp-json\/wp\/v2\/comments?post=252"}],"version-history":[{"count":4,"href":"https:\/\/kagio.be\/fr\/wp-json\/wp\/v2\/pages\/252\/revisions"}],"predecessor-version":[{"id":655,"href":"https:\/\/kagio.be\/fr\/wp-json\/wp\/v2\/pages\/252\/revisions\/655"}],"wp:attachment":[{"href":"https:\/\/kagio.be\/fr\/wp-json\/wp\/v2\/media?parent=252"}],"curies":[{"name":"wp","href":"https:\/\/api.w.org\/{rel}","templated":true}]}}