{"id":217,"date":"2025-02-19T18:06:06","date_gmt":"2025-02-19T18:06:06","guid":{"rendered":"https:\/\/kagio.be\/?page_id=217"},"modified":"2026-03-27T20:30:59","modified_gmt":"2026-03-27T20:30:59","slug":"contact","status":"publish","type":"page","link":"https:\/\/kagio.be\/fr\/contact\/","title":{"rendered":"Prendre contact"},"content":{"rendered":"\n<div class=\"wp-block-columns is-layout-flex wp-container-core-columns-is-layout-28f84493 wp-block-columns-is-layout-flex\">\n<div class=\"wp-block-column is-layout-flow wp-block-column-is-layout-flow\"><div class='wpgmza_map_wrapper'><div id=\"wpgmza_map_block_1\" class=\"wpgmza_map wpgmza_standalone_map_block wpgmza-auto-center\" style=\"display:block;width:100%;height:700px;overflow:hidden;position:relative;\" data-maps-engine=\"open-layers\" data-build-engine=\"standalone-block\" data-icon=\"https:\/\/kagio.be\/fr\/wp-content\/plugins\/wp-go-maps-block\/images\/icon.png\" data-lat=\"50.73273\" data-lng=\"5.0933\" data-zoom=\"14\" data-address=\"Cl. Gregoirestraat, Walsbets, Landen, Leuven, Flemish Brabant, Flanders, 3401, Belgium\" data-infowindow-mode=\"click\" ><\/div><\/div><\/div>\n\n\n\n<div class=\"wp-block-column is-layout-flow wp-block-column-is-layout-flow\">\n<div class=\"wp-block-group has-global-padding is-layout-constrained wp-block-group-is-layout-constrained\">\n<pre class=\"wp-block-preformatted has-ysabeau-office-font-family has-large-font-size\"><strong>Uniquement sur RDV<\/strong><br>+32 &#52;&#53;&#49;&#32;&#48;&#x33;&#x20;&#x30;&#x34;&#x20;&#x32;&#x33; <br>&#x72;&#97;g&#x6e;&#97;&#104;&#x40;&#x6b;&#97;g&#x69;&#111;&#46;&#x62;&#x65;<br><br><strong>Lundi, mardi et vendredi<\/strong><br>Cl. Gregoirestraat 2, 3401 LANDEN<br>Parking ais\u00e9<br><br><strong>Jeudi matin<\/strong><br>Centre de M\u00e9decine Sp\u00e9cialis\u00e9e de Li\u00e8ge<br>Rue de Chestret 4-6, 4000 LIEGE<\/pre>\n<\/div>\n\n\n\n<div class=\"wp-block-group has-global-padding is-layout-constrained wp-block-group-is-layout-constrained\"><div id=\"piotnetforms\" class=\"piotnetforms piotnetforms-594\" data-piotnetforms-shortcode-id=\"594\"><form id=\"594\" class=\"piotnetforms__form\" onsubmit=\"return false\"><div class=\"piotnet-section p93517722\">\t\t\t\t\t\t<div class=\"piotnet-section__container\"\n\t\t>\n\t\t<div class=\"piotnet-column p43489550\">\t\t\t\t\t\t<div class=\"piotnet-column__inner\"\n\t\t\t>\n\t\t\t\t\n\t\t<div class=\"p22745037 piotnetforms-fields-wrapper piotnetforms-labels-above\">\n\t\t\t<div class=\"piotnetforms-field-type-text piotnetforms-field-group piotnetforms-column  piotnetforms-field-group-Nom piotnetforms-col-100\">\n\t\t\t\t<label for=\"form-field-Nom\" class=\"piotnetforms-field-label\">Nom<\/label><div data-piotnetforms-required><\/div><div class=\"piotnetforms-field-container\"><input size=\"1\" class=\"piotnetforms-field piotnetforms-size-\" type=\"text\" name=\"form_fields[Nom]\" id=\"form-field-Nom\" autocomplete=\"on\" data-piotnetforms-default-value=\"\" data-piotnetforms-id=\"594\"><\/div>\t\t\t<\/div>\n\t\t<\/div>\n\t\t\t\n\t\t<div class=\"p39887676 piotnetforms-fields-wrapper piotnetforms-labels-above\">\n\t\t\t<div class=\"piotnetforms-field-type-text piotnetforms-field-group piotnetforms-column  piotnetforms-field-group-email piotnetforms-col-100 piotnetforms-field-required piotnetforms-mark-required\">\n\t\t\t\t<label for=\"form-field-email\" class=\"piotnetforms-field-label\">Email<\/label><div data-piotnetforms-required><\/div><div class=\"piotnetforms-field-container\"><input size=\"1\" class=\"piotnetforms-field piotnetforms-size-\" type=\"text\" name=\"form_fields[email]\" id=\"form-field-email\" autocomplete=\"on\" data-piotnetforms-default-value=\"\" required=\"required\" aria-required=\"true\" data-piotnetforms-id=\"594\"><\/div>\t\t\t<\/div>\n\t\t<\/div>\n\t\t\t\n\t\t<div class=\"p71215531 piotnetforms-fields-wrapper piotnetforms-labels-above\">\n\t\t\t<div class=\"piotnetforms-field-type-textarea piotnetforms-field-group piotnetforms-column  piotnetforms-field-group-message piotnetforms-col-100\">\n\t\t\t\t<label for=\"form-field-message\" class=\"piotnetforms-field-label\">Message<\/label><div data-piotnetforms-required><\/div><div class=\"piotnetforms-field-container\"><textarea class=\"piotnetforms-field-textual piotnetforms-field piotnetforms-size-\" name=\"form_fields[message]\" id=\"form-field-message\" rows=\"4\" data-piotnetforms-default-value=\"\" data-piotnetforms-id=\"594\"><\/textarea><\/div>\t\t\t<\/div>\n\t\t<\/div>\n\t\n\t\t<div class=\"p15802895 piotnetforms-submit piotnetforms-button-wrapper\">\n\n\t\t\t\t<input type=\"hidden\" name=\"post_id\" value=\"594\" data-piotnetforms-hidden-form-id=\"594\"\/>\n\t\t<input type=\"hidden\" name=\"form_id\" value=\"p15802895\" data-piotnetforms-hidden-form-id=\"594\"\/>\n\t\t<input type=\"hidden\" name=\"remote_ip\" value=\"216.73.217.126\" data-piotnetforms-hidden-form-id=\"594\"\/>\n\n\t\t\n\t\t\n\t\t\n\t\t\n\t\t<button class=\"piotnetforms-button\" type=\"submit\" role=\"button\" data-piotnetforms-required-text=\"Ce champ est requis.\" data-piotnetforms-submit-form-id=\"594\" data-piotnetforms-submit-keyboard=\"false\" data-piotnetforms-submit-hide=\"false\">\n\t\t\t\t\t<span class=\"piotnetforms-button-content-wrapper\">\n\t\t\t<span class=\"piotnetforms-button-text piotnetforms-spinner\"><span class=\"icon-spinner-of-dots\"><\/span><\/span>\n\t\t\t\t\t\t<span class=\"piotnetforms-button-text\">Envoyer<\/span>\n\t\t<\/span>\n\t\t\t\t<\/button>\n\t\t\n\t\t        \t\t        \t\t\n\t\t\n\t\t\n        \n            \t\t<div id=\"piotnetforms-trigger-success-594\" data-piotnetforms-trigger-success=\"594\" style=\"display: none\"><\/div>\n\t\t<div id=\"piotnetforms-trigger-failed-594\" data-piotnetforms-trigger-failed=\"594\" style=\"display: none\"><\/div>\n\t\t<div class=\"piotnetforms-alert piotnetforms-alert--mail\">\n\t\t\t<div class=\"piotnetforms-message piotnetforms-message-success\" role=\"alert\" data-piotnetforms-message=\"Message envoy\u00e9 avec succ\u00e8s.\">Message envoy\u00e9 avec succ\u00e8s.<\/div>\n\t\t\t<div class=\"piotnetforms-message piotnetforms-message-danger\" role=\"alert\" data-piotnetforms-message=\"Une erreur s'est produite.\">Une erreur s'est produite.<\/div>\n\t\t\t<!-- <div class=\"piotnetforms-message piotnetforms-help-inline\" role=\"alert\">Server error. Form not sent.<\/div> -->\n\t\t<\/div>\n\t\t\t\t<\/div>\n\t\t\t\t\t<\/div>\n\t\t<\/div>\t\t\t<\/div>\n\t\t<\/div><link rel=\"stylesheet\" href=\"https:\/\/kagio.be\/fr\/wp-content\/uploads\/sites\/2\/piotnetforms\/css\/594.css?ver=7\" media=\"all\"><\/form><\/div><div data-piotnetforms-ajax-url=\"https:\/\/kagio.be\/fr\/wp-admin\/admin-ajax.php\"><\/div><div data-piotnetforms-plugin-url=\"https:\/\/kagio.be\/fr\/wp-content\/plugins\"><\/div><div data-piotnetforms-tinymce-upload=\"https:\/\/kagio.be\/fr\/wp-content\/plugins\/piotnetforms-pro\/inc\/forms\/tinymce\/tinymce-upload.php\"><\/div><div data-piotnetforms-stripe-key=\"\"><\/div><div class=\"piotnetforms-break-point\" data-piotnetforms-break-point-md=\"1025\" data-piotnetforms-break-point-lg=\"767\"><\/div>\t\n<\/div>\n<\/div>\n<\/div>\n\n\n\n<p class=\"has-text-align-center has-large-font-size\"><em>Prendre rendez-vous c&#8217;est \u00e9crire une lettre \u00e0 son futur soi, que lui diriez-vous? <\/em><\/p>\n\n\n\n<p><\/p>\n","protected":false},"excerpt":{"rendered":"<p>Uniquement sur RDV Lundi, mardi et vendrediCl. Gregoirestraat 2, 3401 LANDENParking ais\u00e9Jeudi matinCentre de M\u00e9decine Sp\u00e9cialis\u00e9e de Li\u00e8geRue de Chestret 4-6, 4000 LIEGE Prendre rendez-vous c&#8217;est \u00e9crire une lettre \u00e0 son futur soi, que lui diriez-vous?<\/p>\n","protected":false},"author":4,"featured_media":0,"parent":0,"menu_order":0,"comment_status":"open","ping_status":"closed","template":"","meta":{"footnotes":""},"class_list":["post-217","page","type-page","status-publish","hentry"],"_links":{"self":[{"href":"https:\/\/kagio.be\/fr\/wp-json\/wp\/v2\/pages\/217","targetHints":{"allow":["GET"]}}],"collection":[{"href":"https:\/\/kagio.be\/fr\/wp-json\/wp\/v2\/pages"}],"about":[{"href":"https:\/\/kagio.be\/fr\/wp-json\/wp\/v2\/types\/page"}],"author":[{"embeddable":true,"href":"https:\/\/kagio.be\/fr\/wp-json\/wp\/v2\/users\/4"}],"replies":[{"embeddable":true,"href":"https:\/\/kagio.be\/fr\/wp-json\/wp\/v2\/comments?post=217"}],"version-history":[{"count":5,"href":"https:\/\/kagio.be\/fr\/wp-json\/wp\/v2\/pages\/217\/revisions"}],"predecessor-version":[{"id":758,"href":"https:\/\/kagio.be\/fr\/wp-json\/wp\/v2\/pages\/217\/revisions\/758"}],"wp:attachment":[{"href":"https:\/\/kagio.be\/fr\/wp-json\/wp\/v2\/media?parent=217"}],"curies":[{"name":"wp","href":"https:\/\/api.w.org\/{rel}","templated":true}]}}