{"id":20,"date":"2025-01-08T20:39:23","date_gmt":"2025-01-08T20:39:23","guid":{"rendered":"https:\/\/kagio.be\/?page_id=20"},"modified":"2025-12-09T09:18:25","modified_gmt":"2025-12-09T09:18:25","slug":"ragnah","status":"publish","type":"page","link":"https:\/\/kagio.be\/fr\/ragnah\/","title":{"rendered":"Du Kenya \u00e0 la kin\u00e9siologie"},"content":{"rendered":"\n<p>Bonjour, je m&#8217;appelle Ragnah Kagio,<\/p>\n\n\n\n<p>Originaire du Kenya, j&#8217;ai rejoint la Belgique \u00e0 l&#8217;\u00e2ge de 13 ans. Cette exp\u00e9rience m&#8217;a appris \u00e0 embrasser pleinement ces deux cultures  et \u00e0 \u00e9voluer avec harmonie  entre elles, transformant  cette dualit\u00e9 en une force cr\u00e9ative et un atout personnel.<\/p>\n\n\n\n<p>\u00c9conomiste de formation, j&#8217;ai travaill\u00e9e pendant une dizaine d\u2019ann\u00e9es comme repr\u00e9sentante commerciale pour le B\u00e9n\u00e9lux et Allemagne. Ce que j&#8217;en retiens, c&#8217;est l&#8217;importance des contacts humains et l&#8217;urgence silencieuse de prendre soin de sa sant\u00e9 mentale.<\/p>\n\n\n\n<p>Fin 2021, la vie m\u2019am\u00e8ne \u00e0 privil\u00e9gier mon r\u00f4le de maman en accompagnant mes enfants et surtout mon second fils qui \u00e9tait un enfant diff\u00e9rent (il souffrait de la maladie de Tay-Sachs, incurable et fatale). Les s\u00e9ances de kin\u00e9siologie ont \u00e9t\u00e9 ma bou\u00e9e, non pas pour changer le destin,mais pour trouver la paix dans la temp\u00eate.<\/p>\n\n\n\n<p>D\u00e9but 2023, je me suis inscrite \u00e0 <a href=\"https:\/\/www.cek-oyat.net\/kinesiologues\">la formation en kin\u00e9siologie<\/a> car j\u2019observais sur moi-m\u00eame et sur ma famille tous <a href=\"https:\/\/kagio.be\/fr\/en-pratique\/\" data-type=\"page\" data-id=\"173\">les bienfaits de cette approche<\/a>. Je suis certifi\u00e9e par La<strong> <\/strong><a href=\"https:\/\/fbkinesiologie.be\/trouver-une-kinesiologue\/name\/ragnah-kagio\/\" data-type=\"link\" data-id=\"https:\/\/fbkinesiologie.be\/trouver-une-kinesiologue\/char\/K\/\"><strong>F<\/strong>\u00e9d\u00e9ration <strong>B<\/strong>elge de <strong>K<\/strong>in\u00e9siologie<\/a>( <strong>FBK)<\/strong> et continue \u00e0 me former afin de vous proposer une <a href=\"https:\/\/kagio.be\/fr\/ragnah#palette-outils\" data-type=\"page\" data-id=\"20\">palette d&#8217;outils de qualit\u00e9<\/a>. Je suis \u00e9galement instructeur en Brain Gym\u00ae depuis octobre 2025.<\/p>\n\n\n\n<p>En marge de mon activit\u00e9, je suis membre du conseil d&#8217;administration \u00e9tendu du Brain Gym Belgium\u00ae<\/p>\n\n\n\n<p>Je vous re\u00e7ois pour <a href=\"https:\/\/kagio.be\/fr\/comment-se-passe-une-seance\/\" data-type=\"page\" data-id=\"252\">la s\u00e9ance de kin\u00e9siologie<\/a> en anglais, fran\u00e7ais,  n\u00e9erlandais ou m\u00eame en swahili.<\/p>\n\n\n\n<div class=\"wp-block-columns is-layout-flex wp-container-core-columns-is-layout-28f84493 wp-block-columns-is-layout-flex\">\n<div class=\"wp-block-column is-vertically-aligned-bottom is-layout-flow wp-block-column-is-layout-flow\">\n<p><\/p>\n<\/div>\n\n\n\n<div class=\"wp-block-column is-layout-flow wp-block-column-is-layout-flow\"><\/div>\n<\/div>\n","protected":false},"excerpt":{"rendered":"<p>Bonjour, je m&#8217;appelle Ragnah Kagio, Originaire du Kenya, j&#8217;ai rejoint la Belgique \u00e0 l&#8217;\u00e2ge de 13 ans. Cette exp\u00e9rience m&#8217;a appris \u00e0 embrasser pleinement ces deux cultures et \u00e0 \u00e9voluer avec harmonie entre elles, transformant cette dualit\u00e9 en une force cr\u00e9ative et un atout personnel. \u00c9conomiste de formation, j&#8217;ai travaill\u00e9e pendant une dizaine d\u2019ann\u00e9es comme [&hellip;]<\/p>\n","protected":false},"author":4,"featured_media":37,"parent":0,"menu_order":0,"comment_status":"closed","ping_status":"closed","template":"wp-custom-template-test","meta":{"footnotes":"[]"},"class_list":["post-20","page","type-page","status-publish","has-post-thumbnail","hentry"],"_links":{"self":[{"href":"https:\/\/kagio.be\/fr\/wp-json\/wp\/v2\/pages\/20","targetHints":{"allow":["GET"]}}],"collection":[{"href":"https:\/\/kagio.be\/fr\/wp-json\/wp\/v2\/pages"}],"about":[{"href":"https:\/\/kagio.be\/fr\/wp-json\/wp\/v2\/types\/page"}],"author":[{"embeddable":true,"href":"https:\/\/kagio.be\/fr\/wp-json\/wp\/v2\/users\/4"}],"replies":[{"embeddable":true,"href":"https:\/\/kagio.be\/fr\/wp-json\/wp\/v2\/comments?post=20"}],"version-history":[{"count":5,"href":"https:\/\/kagio.be\/fr\/wp-json\/wp\/v2\/pages\/20\/revisions"}],"predecessor-version":[{"id":738,"href":"https:\/\/kagio.be\/fr\/wp-json\/wp\/v2\/pages\/20\/revisions\/738"}],"wp:featuredmedia":[{"embeddable":true,"href":"https:\/\/kagio.be\/fr\/wp-json\/"}],"wp:attachment":[{"href":"https:\/\/kagio.be\/fr\/wp-json\/wp\/v2\/media?parent=20"}],"curies":[{"name":"wp","href":"https:\/\/api.w.org\/{rel}","templated":true}]}}