{"id":173,"date":"2025-02-14T13:43:58","date_gmt":"2025-02-14T13:43:58","guid":{"rendered":"https:\/\/kagio.be\/?page_id=173"},"modified":"2025-08-16T18:49:15","modified_gmt":"2025-08-16T18:49:15","slug":"en-pratique","status":"publish","type":"page","link":"https:\/\/kagio.be\/fr\/en-pratique\/","title":{"rendered":"Pourquoi voir une kin\u00e9siologue?"},"content":{"rendered":"\n<ul class=\"wp-block-list\">\n<li class=\"has-large-font-size\">Pour mieux g\u00e9rer le stress en prenant soin de ses \u00e9motions <\/li>\n\n\n\n<li class=\"has-large-font-size\">Pour soulager les inconforts physique d\u00fb \u00e0 des d\u00e9s\u00e9quilibres \u00e9motionnels <\/li>\n\n\n\n<li class=\"has-large-font-size\">Pour retrouver du calme et de l&#8217;\u00e9nergie<\/li>\n\n\n\n<li class=\"has-large-font-size\">Pour am\u00e9liorer ses performances: aider \u00e0 atteindre ses objectifs personnels comme courir 10 kilom\u00e8tres ou professionnels comme d\u00e9marrer un projet.<\/li>\n<\/ul>\n\n\n\n<p><\/p>\n\n\n\n<div class=\"wp-block-columns alignfull is-layout-flex wp-container-core-columns-is-layout-28f84493 wp-block-columns-is-layout-flex\">\n<div class=\"wp-block-column is-layout-flow wp-block-column-is-layout-flow\">\n<figure class=\"wp-block-image size-full has-custom-border\" style=\"margin-top:var(--wp--preset--spacing--20);margin-right:var(--wp--preset--spacing--20);margin-bottom:var(--wp--preset--spacing--20);margin-left:var(--wp--preset--spacing--20)\"><img loading=\"lazy\" decoding=\"async\" width=\"1024\" height=\"768\" src=\"https:\/\/kagio.be\/fr\/wp-content\/uploads\/sites\/2\/2025\/06\/Avant-un-equilibrage-les-bienfaits-de-la-kinesiologie.png\" alt=\"\" class=\"wp-image-660\" style=\"border-width:4px;border-radius:88px\" srcset=\"https:\/\/kagio.be\/fr\/wp-content\/uploads\/sites\/2\/2025\/06\/Avant-un-equilibrage-les-bienfaits-de-la-kinesiologie.png 1024w, https:\/\/kagio.be\/fr\/wp-content\/uploads\/sites\/2\/2025\/06\/Avant-un-equilibrage-les-bienfaits-de-la-kinesiologie-300x225.png 300w, https:\/\/kagio.be\/fr\/wp-content\/uploads\/sites\/2\/2025\/06\/Avant-un-equilibrage-les-bienfaits-de-la-kinesiologie-768x576.png 768w\" sizes=\"auto, (max-width: 1024px) 100vw, 1024px\" \/><\/figure>\n<\/div>\n\n\n\n<div class=\"wp-block-column is-layout-flow wp-block-column-is-layout-flow\" style=\"padding-top:0;padding-bottom:0\">\n<figure class=\"wp-block-image size-full has-custom-border is-style-rounded\" style=\"margin-top:var(--wp--preset--spacing--20);margin-right:var(--wp--preset--spacing--20);margin-bottom:var(--wp--preset--spacing--20);margin-left:var(--wp--preset--spacing--20)\"><img loading=\"lazy\" decoding=\"async\" width=\"1024\" height=\"768\" src=\"https:\/\/kagio.be\/fr\/wp-content\/uploads\/sites\/2\/2025\/06\/Apres-un-equilibrage-les-bienfait-dune-seance-de-kinesiologie-Ragnah.jpg\" alt=\"\" class=\"wp-image-662\" style=\"border-width:4px;border-radius:88px\" srcset=\"https:\/\/kagio.be\/fr\/wp-content\/uploads\/sites\/2\/2025\/06\/Apres-un-equilibrage-les-bienfait-dune-seance-de-kinesiologie-Ragnah.jpg 1024w, https:\/\/kagio.be\/fr\/wp-content\/uploads\/sites\/2\/2025\/06\/Apres-un-equilibrage-les-bienfait-dune-seance-de-kinesiologie-Ragnah-300x225.jpg 300w, https:\/\/kagio.be\/fr\/wp-content\/uploads\/sites\/2\/2025\/06\/Apres-un-equilibrage-les-bienfait-dune-seance-de-kinesiologie-Ragnah-768x576.jpg 768w\" sizes=\"auto, (max-width: 1024px) 100vw, 1024px\" \/><\/figure>\n<\/div>\n<\/div>\n\n\n\n<p><\/p>\n\n\n\n<p><\/p>\n\n\n\n<figure class=\"wp-block-pullquote alignfull has-text-align-center has-large-font-size\" style=\"border-width:6px;border-radius:49px;margin-top:var(--wp--preset--spacing--20);margin-right:var(--wp--preset--spacing--20);margin-bottom:var(--wp--preset--spacing--20);margin-left:var(--wp--preset--spacing--20);padding-top:var(--wp--preset--spacing--20);padding-right:var(--wp--preset--spacing--30);padding-bottom:var(--wp--preset--spacing--20);padding-left:var(--wp--preset--spacing--30)\"><blockquote><p>La kin\u00e9siologue ne remplace pas votre m\u00e9decin: elle ne diagnostique pas, ne prescrit pas de traitement et ne soigne pas. C&#8217;est une <strong>professionnelle de la gestion de stress et de la pr\u00e9vention en mati\u00e8re de sant\u00e9<\/strong>.<\/p><\/blockquote><\/figure>\n\n\n\n<p><\/p>\n","protected":false},"excerpt":{"rendered":"<p>La kin\u00e9siologue ne remplace pas votre m\u00e9decin: elle ne diagnostique pas, ne prescrit pas de traitement et ne soigne pas. C&#8217;est une professionnelle de la gestion de stress et de la pr\u00e9vention en mati\u00e8re de sant\u00e9.<\/p>\n","protected":false},"author":4,"featured_media":0,"parent":0,"menu_order":0,"comment_status":"closed","ping_status":"closed","template":"","meta":{"footnotes":""},"class_list":["post-173","page","type-page","status-publish","hentry"],"_links":{"self":[{"href":"https:\/\/kagio.be\/fr\/wp-json\/wp\/v2\/pages\/173","targetHints":{"allow":["GET"]}}],"collection":[{"href":"https:\/\/kagio.be\/fr\/wp-json\/wp\/v2\/pages"}],"about":[{"href":"https:\/\/kagio.be\/fr\/wp-json\/wp\/v2\/types\/page"}],"author":[{"embeddable":true,"href":"https:\/\/kagio.be\/fr\/wp-json\/wp\/v2\/users\/4"}],"replies":[{"embeddable":true,"href":"https:\/\/kagio.be\/fr\/wp-json\/wp\/v2\/comments?post=173"}],"version-history":[{"count":5,"href":"https:\/\/kagio.be\/fr\/wp-json\/wp\/v2\/pages\/173\/revisions"}],"predecessor-version":[{"id":703,"href":"https:\/\/kagio.be\/fr\/wp-json\/wp\/v2\/pages\/173\/revisions\/703"}],"wp:attachment":[{"href":"https:\/\/kagio.be\/fr\/wp-json\/wp\/v2\/media?parent=173"}],"curies":[{"name":"wp","href":"https:\/\/api.w.org\/{rel}","templated":true}]}}